{"id":5,"date":"2019-07-11T14:21:44","date_gmt":"2019-07-11T12:21:44","guid":{"rendered":"http:\/\/158.193.113.185\/jasna\/?page_id=5"},"modified":"2025-11-18T12:39:46","modified_gmt":"2025-11-18T11:39:46","slug":"vybory","status":"publish","type":"page","link":"https:\/\/konferenciajasna.sk\/index.php\/vybory\/","title":{"rendered":"Organiza\u010dn\u00fd a programov\u00fd v\u00fdbor"},"content":{"rendered":"\r\n\n<p class=\"has-medium-font-size\"><strong>Programov\u00fd v\u00fdbor<\/strong><\/p>\n\n\n\n<div class=\"wp-block-columns has-2-columns is-layout-flex wp-container-core-columns-is-layout-9d6595d7 wp-block-columns-is-layout-flex\">\n<div class=\"wp-block-column is-layout-flow wp-block-column-is-layout-flow\">\n<p><strong>Vedeck\u00e1 sekcia<\/strong><\/p>\n\n\n\n<ul class=\"wp-block-list\">\n<li>prof. RNDr. Martin Kalina, PhD.<\/li>\n\n\n\n<li>prof. RNDr. Daniel \u0160ev\u010dovi\u010d, DrSc.<\/li>\n\n\n\n<li>doc. RNDr. Bo\u017eena Dorociakov\u00e1, PhD.<\/li>\n\n\n\n<li>doc. Mgr. Pavol Bokes, PhD.<\/li>\n\n\n\n<li>doc. Ing. M\u00e1ria K\u00fadel\u010d\u00edkov\u00e1, PhD.<br><\/li>\n<\/ul>\n<\/div>\n\n\n\n<div class=\"wp-block-column is-layout-flow wp-block-column-is-layout-flow\">\n<p><strong>Didaktick\u00e1 sekcia<\/strong><\/p>\n\n\n\n<ul class=\"wp-block-list\">\n<li>doc. RNDr. Du\u0161an \u0160veda, CSc.<\/li>\n\n\n\n<li>prof. PaedDr. Katar\u00edna \u017dilkov\u00e1, PhD.<\/li>\n\n\n\n<li>doc. RNDr. Iveta Scholtzov\u00e1, PhD.<\/li>\n\n\n\n<li>doc. PaedDr. So\u0148a \u010ceretkov\u00e1, PhD.<\/li>\n\n\n\n<li>RNDr. Jozef \u0160korupa<\/li>\n<\/ul>\n<\/div>\n<\/div>\n\n\n\n<p class=\"has-medium-font-size\"><strong>Organiza\u010dn\u00fd v\u00fdbor<\/strong><\/p>\n\n\n\n<ul class=\"wp-block-list\">\n<li>doc. RNDr. Bo\u017eena Dorociakov\u00e1, PhD.<\/li>\n\n\n\n<li>Mgr. Zuzana Sedlia\u010dkov\u00e1, PhD.<\/li>\n\n\n\n<li>doc. Ing. M\u00e1ria K\u00fadel\u010d\u00edkov\u00e1, PhD.<\/li>\n\n\n\n<li>Ing. Martin Z\u00e1borsk\u00fd<\/li>\n<\/ul>\n","protected":false},"excerpt":{"rendered":"<p>Programov\u00fd v\u00fdbor Vedeck\u00e1 sekcia Didaktick\u00e1 sekcia Organiza\u010dn\u00fd v\u00fdbor<\/p>\n","protected":false},"author":1,"featured_media":0,"parent":0,"menu_order":0,"comment_status":"closed","ping_status":"closed","template":"","meta":{"footnotes":""},"class_list":["post-5","page","type-page","status-publish","hentry"],"_links":{"self":[{"href":"https:\/\/konferenciajasna.sk\/index.php\/wp-json\/wp\/v2\/pages\/5","targetHints":{"allow":["GET"]}}],"collection":[{"href":"https:\/\/konferenciajasna.sk\/index.php\/wp-json\/wp\/v2\/pages"}],"about":[{"href":"https:\/\/konferenciajasna.sk\/index.php\/wp-json\/wp\/v2\/types\/page"}],"author":[{"embeddable":true,"href":"https:\/\/konferenciajasna.sk\/index.php\/wp-json\/wp\/v2\/users\/1"}],"replies":[{"embeddable":true,"href":"https:\/\/konferenciajasna.sk\/index.php\/wp-json\/wp\/v2\/comments?post=5"}],"version-history":[{"count":10,"href":"https:\/\/konferenciajasna.sk\/index.php\/wp-json\/wp\/v2\/pages\/5\/revisions"}],"predecessor-version":[{"id":20268,"href":"https:\/\/konferenciajasna.sk\/index.php\/wp-json\/wp\/v2\/pages\/5\/revisions\/20268"}],"wp:attachment":[{"href":"https:\/\/konferenciajasna.sk\/index.php\/wp-json\/wp\/v2\/media?parent=5"}],"curies":[{"name":"wp","href":"https:\/\/api.w.org\/{rel}","templated":true}]}}