{"id":24,"date":"2019-07-11T14:59:53","date_gmt":"2019-07-11T12:59:53","guid":{"rendered":"http:\/\/158.193.113.185\/jasna\/?page_id=24"},"modified":"2025-08-28T11:21:48","modified_gmt":"2025-08-28T09:21:48","slug":"ucastnici","status":"publish","type":"page","link":"https:\/\/konferenciajasna.sk\/index.php\/ucastnici\/","title":{"rendered":"Registrovan\u00ed \u00fa\u010dastn\u00edci"},"content":{"rendered":"\r\n\n<p><\/p>\n\n\n\n<p>Po\u010det \u00fa\u010dastn\u00edkov prihl\u00e1sen\u00fdch na konferenciu: 74<\/p>\n\n\n\n<h2>Registrovan\u00ed \u00fa\u010dastn\u00edci<\/h2><table id=\"\" class=\"\" style=\"overflow: auto; \">\r\n\t\t\t\t\t\t\t\t\t\t<thead>\r\n\t\t\t\t\t\t\t\t\t\t\t<tr><th class=\"manage-column\" data-key=\"meno\">meno<\/th><th class=\"manage-column\" data-key=\"priezvisko\">priezvisko<\/th><th class=\"manage-column\" data-key=\"organizacia\">organizacia<\/th><\/tr>\r\n\t\t\t\t\t\t\t\t\t<\/thead>\r\n\t\t\t\t\t\t\t\t\t<tbody><tr><td data-head=\"meno\">\u013dubom\u00edr<\/td><td data-head=\"priezvisko\">Antoni<\/td><td data-head=\"organizacia\">Pavol Jozef \u0160af\u00e1rik University in Ko\u0161ice, Faculty of Science<\/td><\/tr><tr><td data-head=\"meno\">Jozef<\/td><td data-head=\"priezvisko\">Kise\u013e\u00e1k<\/td><td data-head=\"organizacia\">\u00daMAT, PF UPJ\u0160 v Ko\u0161iciach<\/td><\/tr><tr><td data-head=\"meno\">Martina<\/td><td data-head=\"priezvisko\">Koz\u00e1\u010dkov\u00e1<\/td><td data-head=\"organizacia\">SjF, UNIZA<\/td><\/tr><tr><td data-head=\"meno\">Dominika<\/td><td data-head=\"priezvisko\">S\u00faken\u00edkov\u00e1<\/td><td data-head=\"organizacia\">UMB BB Katedra matematiky<\/td><\/tr><tr><td data-head=\"meno\">Martin<\/td><td data-head=\"priezvisko\">Z\u00e1borsk\u00fd<\/td><td data-head=\"organizacia\">UNIZA<\/td><\/tr><tr><td data-head=\"meno\">Branislav<\/td><td data-head=\"priezvisko\">Ftorek<\/td><td data-head=\"organizacia\">Strojn\u00edcka fakulta UNIZA<\/td><\/tr><tr><td data-head=\"meno\">Sona<\/td><td data-head=\"priezvisko\">Svecova<\/td><td data-head=\"organizacia\">Trnavska univerzita<\/td><\/tr><tr><td data-head=\"meno\">Ivana<\/td><td data-head=\"priezvisko\">Pobo\u010d\u00edkov\u00e1<\/td><td data-head=\"organizacia\">KAM SjF \u017dilinsk\u00e1 univerzita<\/td><\/tr><tr><td data-head=\"meno\">Jana<\/td><td data-head=\"priezvisko\">Hnatov\u00e1<\/td><td data-head=\"organizacia\">PF PU v Pre\u0161ove<\/td><\/tr><tr><td data-head=\"meno\">Ladislav<\/td><td data-head=\"priezvisko\">Spi\u0161iak<\/td><td data-head=\"organizacia\">Gymn\u00e1zium, \u0160rob\u00e1rova 1, Ko\u0161ice<\/td><\/tr><tr><td data-head=\"meno\">Gabriel<\/td><td data-head=\"priezvisko\">Semani\u0161in<\/td><td data-head=\"organizacia\">Pr\u00edrodovedeck\u00e1 fakulta UPJ\u0160 v Ko\u0161iciach<\/td><\/tr><tr><td data-head=\"meno\">M\u00e1ria<\/td><td data-head=\"priezvisko\">Trnovsk\u00e1<\/td><td data-head=\"organizacia\">FMFI UK<\/td><\/tr><tr><td data-head=\"meno\">Mat\u00fa\u0161<\/td><td data-head=\"priezvisko\">St\u00e1\u0148a<\/td><td data-head=\"organizacia\">Gymn\u00e1zium Michala Miloslava Hod\u017eu<\/td><\/tr><tr><td data-head=\"meno\">Jozef<\/td><td data-head=\"priezvisko\">\u0160korupa<\/td><td data-head=\"organizacia\">Gymn\u00e1zium Michala Miloslava Hod\u017eu<\/td><\/tr><tr><td data-head=\"meno\">Bernadett<\/td><td data-head=\"priezvisko\">Bert\u00f3kov\u00e1<\/td><td data-head=\"organizacia\">FMFI, Univerzita Komensk\u00e9ho v Bratislave<\/td><\/tr><tr><td data-head=\"meno\">P\u00e1l<\/td><td data-head=\"priezvisko\">Somogyi<\/td><td data-head=\"organizacia\">FMFI, Univerzita Komensk\u00e9ho v Bratislave<\/td><\/tr><tr><td data-head=\"meno\">Martin<\/td><td data-head=\"priezvisko\">Kalina<\/td><td data-head=\"organizacia\">Stavebn\u00e1 fakulta STU v Bratislave<\/td><\/tr><tr><td data-head=\"meno\">Ingrid<\/td><td data-head=\"priezvisko\">Semani\u0161inov\u00e1<\/td><td data-head=\"organizacia\">UPJ\u0160 Ko\u0161ice<\/td><\/tr><tr><td data-head=\"meno\">Rudolf<\/td><td data-head=\"priezvisko\">Olach<\/td><td data-head=\"organizacia\">KAM SjF UNIZA<\/td><\/tr><tr><td data-head=\"meno\">Daniela<\/td><td data-head=\"priezvisko\">Koval\u010d\u00edkov\u00e1<\/td><td data-head=\"organizacia\">UPJ\u0160 Ko\u0161ice<\/td><\/tr><tr><td data-head=\"meno\">Marcela<\/td><td data-head=\"priezvisko\">Lascs\u00e1kov\u00e1<\/td><td data-head=\"organizacia\">Strojn\u00edcka fakulta, Technick\u00e1 univerzita v Ko\u0161iciach<\/td><\/tr><tr><td data-head=\"meno\">J\u00falia<\/td><td data-head=\"priezvisko\">Z\u00e1horsk\u00e1<\/td><td data-head=\"organizacia\">UKF v Nitre, KM, FPVaI<\/td><\/tr><tr><td data-head=\"meno\">Lucia<\/td><td data-head=\"priezvisko\">Csachov\u00e1<\/td><td data-head=\"organizacia\">Katol\u00edcka univerzita v Ru\u017eomberku<\/td><\/tr><tr><td data-head=\"meno\">Patrik<\/td><td data-head=\"priezvisko\">B\u00f6hm<\/td><td data-head=\"organizacia\">KKMaHI, FPEDAS, UNIZA<\/td><\/tr><tr><td data-head=\"meno\">Krist\u00edna<\/td><td data-head=\"priezvisko\">Ovary Bulkov\u00e1<\/td><td data-head=\"organizacia\">KKMaHI, FPEDAS \u017dilinsk\u00e1 univerzita v \u017diline<\/td><\/tr><tr><td data-head=\"meno\">Radoslav<\/td><td data-head=\"priezvisko\">Chup\u00e1\u010d<\/td><td data-head=\"organizacia\">KAM SjF UNIZA<\/td><\/tr><tr><td data-head=\"meno\">Miroslav<\/td><td data-head=\"priezvisko\">Haviar<\/td><td data-head=\"organizacia\">Univerzita Mateja Bela v Banskej Bystrici<\/td><\/tr><tr><td data-head=\"meno\">Tibor<\/td><td data-head=\"priezvisko\">Macko<\/td><td data-head=\"organizacia\">FMFI UK, Bratislava<\/td><\/tr><tr><td data-head=\"meno\">Du\u0161ana<\/td><td data-head=\"priezvisko\">Babicov\u00e1<\/td><td data-head=\"organizacia\">Pedagogick\u00e1 fakulta, Katol\u00edcka univerzita<\/td><\/tr><tr><td data-head=\"meno\">Tom\u00e1\u0161<\/td><td data-head=\"priezvisko\">Plachetka<\/td><td data-head=\"organizacia\">FMFI UK, Bratislava<\/td><\/tr><tr><td data-head=\"meno\">Luk\u00e1\u0161<\/td><td data-head=\"priezvisko\">Laff\u00e9rs<\/td><td data-head=\"organizacia\">Katedra Matematiky FPV UMB<\/td><\/tr><tr><td data-head=\"meno\">Veronika<\/td><td data-head=\"priezvisko\">Hube\u0148\u00e1kov\u00e1<\/td><td data-head=\"organizacia\">Univerzita P.J. \u0160af\u00e1rika v Ko\u0161iciach<\/td><\/tr><tr><td data-head=\"meno\">Veronika<\/td><td data-head=\"priezvisko\">Harantov\u00e1<\/td><td data-head=\"organizacia\">\u017dilinsk\u00e1 Univerzita<\/td><\/tr><tr><td data-head=\"meno\">J\u00e1n<\/td><td data-head=\"priezvisko\">\u0160imon<\/td><td data-head=\"organizacia\">UNIZA<\/td><\/tr><tr><td data-head=\"meno\">Katar\u00edna<\/td><td data-head=\"priezvisko\">Kalu\u017en\u00e1<\/td><td data-head=\"organizacia\">FMFI UK<\/td><\/tr><tr><td data-head=\"meno\">Samuel<\/td><td data-head=\"priezvisko\">Kalu\u017en\u00fd<\/td><td data-head=\"organizacia\">FMFI UK<\/td><\/tr><tr><td data-head=\"meno\">Katar\u00edna<\/td><td data-head=\"priezvisko\">\u017dilkov\u00e1<\/td><td data-head=\"organizacia\">PdF UK Bratislava<\/td><\/tr><tr><td data-head=\"meno\">\u013dubom\u00edra<\/td><td data-head=\"priezvisko\">Horansk\u00e1<\/td><td data-head=\"organizacia\">Fakulta chemickej a potravin\u00e1rskej technol\u00f3gie, Slovensk\u00e1 technick\u00e1 univerzita v Bratislave<\/td><\/tr><tr><td data-head=\"meno\">Na\u010fa<\/td><td data-head=\"priezvisko\">Krivo\u0148\u00e1kov\u00e1<\/td><td data-head=\"organizacia\">Fakulta chemickej a potravin\u00e1rskej technol\u00f3gie, Slovensk\u00e1 technick\u00e1 univerzita v Bratislave<\/td><\/tr><tr><td data-head=\"meno\">Juraj<\/td><td data-head=\"priezvisko\">Kalafut<\/td><td data-head=\"organizacia\">Svf STU<\/td><\/tr><tr><td data-head=\"meno\">J\u00e1n<\/td><td data-head=\"priezvisko\">Halu\u0161ka<\/td><td data-head=\"organizacia\">M\u00da SAV<\/td><\/tr><tr><td data-head=\"meno\">Em\u00edlia<\/td><td data-head=\"priezvisko\">Halu\u0161kov\u00e1<\/td><td data-head=\"organizacia\">M\u00da SAV<\/td><\/tr><tr><td data-head=\"meno\">M\u00e1ria<\/td><td data-head=\"priezvisko\">Vojtekov\u00e1<\/td><td data-head=\"organizacia\">FPEDAS \u017dilinsk\u00e1 univerzita v \u017diline<\/td><\/tr><tr><td data-head=\"meno\">O\u013ega<\/td><td data-head=\"priezvisko\">Bla\u017eekov\u00e1<\/td><td data-head=\"organizacia\">FPEDAS, \u017dU v \u017diline<\/td><\/tr><tr><td data-head=\"meno\">Vladim\u00edr<\/td><td data-head=\"priezvisko\">Kobza<\/td><td data-head=\"organizacia\">Univerzita Mateja Bela v Banskej Bystrici<\/td><\/tr><tr><td data-head=\"meno\">Val\u00e9ria<\/td><td data-head=\"priezvisko\">\u0160vecov\u00e1<\/td><td data-head=\"organizacia\">Univerzita Kon\u0161tant\u00edna Filozofa v Nitre<\/td><\/tr><tr><td data-head=\"meno\">Pavol<\/td><td data-head=\"priezvisko\">Hanzel<\/td><td data-head=\"organizacia\">Fakulta pr\u00edrodn\u00fdch vied UMB<\/td><\/tr><tr><td data-head=\"meno\">Iveta<\/td><td data-head=\"priezvisko\">Scholtzov\u00e1<\/td><td data-head=\"organizacia\">Pre\u0161ovsk\u00e1 univerzita v Pre\u0161ove, Pedagogick\u00e1 fakulta<\/td><\/tr><tr><td data-head=\"meno\">M\u00e1ria<\/td><td data-head=\"priezvisko\">Michalkov\u00e1<\/td><td data-head=\"organizacia\">KAM SjF UNIZA<\/td><\/tr><tr><td data-head=\"meno\">Michaela<\/td><td data-head=\"priezvisko\">Bruteni\u010dov\u00e1<\/td><td data-head=\"organizacia\">FPV UMB<\/td><\/tr><tr><td data-head=\"meno\">M\u00e1ria<\/td><td data-head=\"priezvisko\">Slav\u00ed\u010dkov\u00e1<\/td><td data-head=\"organizacia\">FMFI UK BA<\/td><\/tr><tr><td data-head=\"meno\">\u0160tefan<\/td><td data-head=\"priezvisko\">Tka\u010dik ml.<\/td><td data-head=\"organizacia\">Katol\u00edcka univerzita v Ru\u017eomberku<\/td><\/tr><tr><td data-head=\"meno\">Gabriela<\/td><td data-head=\"priezvisko\">Pavlovi\u010dov\u00e1<\/td><td data-head=\"organizacia\">Univerzita Kon\u0161tant\u00edna Filozofa v Nitre<\/td><\/tr><tr><td data-head=\"meno\">\u0160tefan<\/td><td data-head=\"priezvisko\">Tka\u010dik, st.<\/td><td data-head=\"organizacia\">Pedagogick\u00e1 fakulta, Katol\u00edcka univerzita<\/td><\/tr><tr><td data-head=\"meno\">Vladim\u00edr<\/td><td data-head=\"priezvisko\">Jani\u0161<\/td><td data-head=\"organizacia\">FPV UMB<\/td><\/tr><tr><td data-head=\"meno\">Lucia<\/td><td data-head=\"priezvisko\">Rumanov\u00e1<\/td><td data-head=\"organizacia\">KM FPVaI UKF v Nitre<\/td><\/tr><tr><td data-head=\"meno\">M\u00e1ria<\/td><td data-head=\"priezvisko\">\u010camborov\u00e1<\/td><td data-head=\"organizacia\">GVPT Martin<\/td><\/tr><tr><td data-head=\"meno\">Martina<\/td><td data-head=\"priezvisko\">Litschmannov\u00e1<\/td><td data-head=\"organizacia\">VSB-Technical University of Ostrava<\/td><\/tr><tr><td data-head=\"meno\">Ivan<\/td><td data-head=\"priezvisko\">Vl\u010dek<\/td><td data-head=\"organizacia\">Akad\u00e9mia ozbrojen\u00fdch s\u00edl gener\u00e1la M. R. \u0160tef\u00e1nika<\/td><\/tr><tr><td data-head=\"meno\">Michal<\/td><td data-head=\"priezvisko\">Demetrian<\/td><td data-head=\"organizacia\">FMFI UK<\/td><\/tr><tr><td data-head=\"meno\">Juraj<\/td><td data-head=\"priezvisko\">Hirjak<\/td><td data-head=\"organizacia\">\u00dastav matematiky, Univerzita Pavla Jozefa \u0160af\u00e1rika<\/td><\/tr><tr><td data-head=\"meno\">Radka<\/td><td data-head=\"priezvisko\">Schwartzov\u00e1<\/td><td data-head=\"organizacia\">\u00dastav matematiky, Univerzita Pavla Jozefa \u0160af\u00e1rika<\/td><\/tr><tr><td data-head=\"meno\">Ilja<\/td><td data-head=\"priezvisko\">Velich<\/td><td data-head=\"organizacia\">SSGG<\/td><\/tr><tr><td data-head=\"meno\">Daniela<\/td><td data-head=\"priezvisko\">Velichov\u00e1<\/td><td data-head=\"organizacia\">SjF STU<\/td><\/tr><tr><td data-head=\"meno\">Pavol<\/td><td data-head=\"priezvisko\">Bokes<\/td><td data-head=\"organizacia\">Univerzita Komensk\u00e9ho<\/td><\/tr><tr><td data-head=\"meno\">Daniel<\/td><td data-head=\"priezvisko\">\u0160ev\u010dovi\u010d<\/td><td data-head=\"organizacia\">FMFI, Univerzita Komensk\u00e9ho Bratislava<\/td><\/tr><tr><td data-head=\"meno\">Bo\u017eena<\/td><td data-head=\"priezvisko\">Dorociakov\u00e1<\/td><td data-head=\"organizacia\">UNIZA<\/td><\/tr><tr><td data-head=\"meno\">Beatrix<\/td><td data-head=\"priezvisko\">Ba\u010dov\u00e1<\/td><td data-head=\"organizacia\">KSMAM SvF UNIZA<\/td><\/tr><tr><td data-head=\"meno\">M\u00e1ria<\/td><td data-head=\"priezvisko\">K\u00fadel\u010d\u00edkov\u00e1<\/td><td data-head=\"organizacia\">KSMAM SvF UNIZA<\/td><\/tr><tr><td data-head=\"meno\">Lucia<\/td><td data-head=\"priezvisko\">K\u0151szegyov\u00e1<\/td><td data-head=\"organizacia\">Univerzita Pavla Jozefa \u0160af\u00e1rika v Ko\u0161iciach<\/td><\/tr><tr><td data-head=\"meno\">Du\u0161an<\/td><td data-head=\"priezvisko\">\u0160veda<\/td><td data-head=\"organizacia\">Univerzita Pavla Jozefa \u0160af\u00e1rika v Ko\u0161iciach<\/td><\/tr><tr><td data-head=\"meno\">Martin<\/td><td data-head=\"priezvisko\">Hri\u0148\u00e1k<\/td><td data-head=\"organizacia\">-<\/td><\/tr><tr><td data-head=\"meno\">Zuzana<\/td><td data-head=\"priezvisko\">Sedlia\u010dkov\u00e1<\/td><td data-head=\"organizacia\">KAM SjF \u017dilinsk\u00e1 univerzita v \u017diline<\/td><\/tr><tr><td data-head=\"meno\">Andrea<\/td><td data-head=\"priezvisko\">Ur\u00ed\u010dkov\u00e1<\/td><td data-head=\"organizacia\">SO\u0160 technick\u00e1 Dubnica nad V\u00e1hom<\/td><\/tr><\/tbody>\r\n\t\t\t\t\t\t\t\t<\/table>\n","protected":false},"excerpt":{"rendered":"<p>Po\u010det \u00fa\u010dastn\u00edkov prihl\u00e1sen\u00fdch na konferenciu:<\/p>\n","protected":false},"author":1,"featured_media":0,"parent":0,"menu_order":0,"comment_status":"closed","ping_status":"closed","template":"","meta":{"footnotes":""},"class_list":["post-24","page","type-page","status-publish","hentry"],"_links":{"self":[{"href":"https:\/\/konferenciajasna.sk\/index.php\/wp-json\/wp\/v2\/pages\/24","targetHints":{"allow":["GET"]}}],"collection":[{"href":"https:\/\/konferenciajasna.sk\/index.php\/wp-json\/wp\/v2\/pages"}],"about":[{"href":"https:\/\/konferenciajasna.sk\/index.php\/wp-json\/wp\/v2\/types\/page"}],"author":[{"embeddable":true,"href":"https:\/\/konferenciajasna.sk\/index.php\/wp-json\/wp\/v2\/users\/1"}],"replies":[{"embeddable":true,"href":"https:\/\/konferenciajasna.sk\/index.php\/wp-json\/wp\/v2\/comments?post=24"}],"version-history":[{"count":56,"href":"https:\/\/konferenciajasna.sk\/index.php\/wp-json\/wp\/v2\/pages\/24\/revisions"}],"predecessor-version":[{"id":20142,"href":"https:\/\/konferenciajasna.sk\/index.php\/wp-json\/wp\/v2\/pages\/24\/revisions\/20142"}],"wp:attachment":[{"href":"https:\/\/konferenciajasna.sk\/index.php\/wp-json\/wp\/v2\/media?parent=24"}],"curies":[{"name":"wp","href":"https:\/\/api.w.org\/{rel}","templated":true}]}}