{"id":15,"date":"2019-07-11T14:46:14","date_gmt":"2019-07-11T12:46:14","guid":{"rendered":"http:\/\/158.193.113.185\/jasna\/?page_id=15"},"modified":"2025-08-28T11:17:51","modified_gmt":"2025-08-28T09:17:51","slug":"poplatky","status":"publish","type":"page","link":"https:\/\/konferenciajasna.sk\/index.php\/poplatky\/","title":{"rendered":"Poplatky"},"content":{"rendered":"\r\n\n<p><strong>Platby<\/strong> mo\u017eno uhradi\u0165:<\/p>\n\n\n\n<ul class=\"wp-block-list\">\n<li>pr\u00edkazom na \u00fa\u010det:<br><strong>IBAN: SK29 0900 0000 0000 7651 0074, BIC (SWIFT : GIBASKBX)<\/strong><br><strong>variabiln\u00fd symbol 055 v Slovenskej sporite\u013eni, pobo\u010dka \u017dilina<\/strong>\u00a0(n\u00e1zov \u00fa\u010dtu je <em>Jednota slovensk\u00fdch matematikov a fyzikov \u017dilina<\/em>)<\/li>\n\n\n\n<li>po\u0161tovou pouk\u00e1\u017ekou tie\u017e na vy\u0161\u0161ie uveden\u00e9 \u010d\u00edslo \u00fa\u010dtu v Slovenskej sporite\u013eni.<\/li>\n<\/ul>\n\n\n\n<p><strong>Poplatky na pobytov\u00e9 n\u00e1klady<\/strong> boli ur\u010den\u00e9 nasledovne:<\/p>\n\n\n\n<ul class=\"wp-block-list\">\n<li>na 1 de\u0148 (1 noc\u013eah)\u00a0\u00a0\u00a0\u00a0\u00a0\u00a0\u00a0<strong>90,- EUR<\/strong><\/li>\n\n\n\n<li>na 2 dni (2 noc\u013eahy)&nbsp;&nbsp;&nbsp;&nbsp;&nbsp;<strong>180,- EUR<\/strong><\/li>\n\n\n\n<li>na 3 dni (3 noc\u013eahy)&nbsp;&nbsp;&nbsp;&nbsp;&nbsp;<strong>270,- EUR<\/strong><\/li>\n<\/ul>\n\n\n\n<p><strong>Pobytov\u00e9 n\u00e1klady zah\u0155\u0148aj\u00fa ubytovanie v&nbsp;dvojl\u00f4\u017ekovej izbe a ob\u010derstvenie.<\/strong><\/p>\n\n\n\n<p><strong>V pr\u00edpade, \u017ee budete po\u017eadova\u0165 ubytovanie v jednol\u00f4\u017ekovej izbe &#8211; doplatok na 1 noc\u013eah je 25,- EUR.<\/strong><\/p>\n\n\n\n<p><strong>Konferen\u010dn\u00fd poplatok,<\/strong>&nbsp;ktor\u00fdm sa uhradia v\u0161etky v\u00fddavky spojen\u00e9 s pr\u00edpravou a organizovan\u00edm konferencie, konferen\u010dn\u00fdmi materi\u00e1lmi a realiz\u00e1ciou podujatia je:<\/p>\n\n\n\n<div class=\"wp-block-columns has-2-columns is-layout-flex wp-container-core-columns-is-layout-9d6595d7 wp-block-columns-is-layout-flex\">\n<div class=\"wp-block-column is-layout-flow wp-block-column-is-layout-flow\">\n<p class=\"has-text-align-center has-light-green-cyan-background-color has-background\"><strong>do 30. 10. 2025<\/strong><\/p>\n\n\n\n<p class=\"has-text-align-center\"><strong>90,- EUR&nbsp;<\/strong>(pre \u010dlenov JSMF)<br><strong>110,- EUR<\/strong>&nbsp;(pre ne\u010dlenov JSMF)<\/p>\n<\/div>\n\n\n\n<div class=\"wp-block-column is-layout-flow wp-block-column-is-layout-flow\">\n<p class=\"has-text-align-center has-pale-pink-background-color has-background\"><strong>po 30. 10. 2025<\/strong><\/p>\n\n\n\n<p class=\"has-text-align-center\"><strong>130,- EUR&nbsp;<\/strong>(pre \u010dlenov JSMF)<br><strong>150,- EUR<\/strong>&nbsp;(pre ne\u010dlenov JSMF)<\/p>\n<\/div>\n<\/div>\n","protected":false},"excerpt":{"rendered":"<p>Platby mo\u017eno uhradi\u0165: Poplatky na pobytov\u00e9 n\u00e1klady boli ur\u010den\u00e9 nasledovne: Pobytov\u00e9 n\u00e1klady zah\u0155\u0148aj\u00fa ubytovanie v&nbsp;dvojl\u00f4\u017ekovej izbe a ob\u010derstvenie. V pr\u00edpade, \u017ee budete po\u017eadova\u0165 ubytovanie v jednol\u00f4\u017ekovej izbe &#8211; doplatok na 1 noc\u013eah je 25,- EUR. Konferen\u010dn\u00fd poplatok,&nbsp;ktor\u00fdm sa uhradia v\u0161etky v\u00fddavky spojen\u00e9 s pr\u00edpravou a organizovan\u00edm konferencie, konferen\u010dn\u00fdmi materi\u00e1lmi a realiz\u00e1ciou podujatia je: do 30&#8230;.<\/p>\n","protected":false},"author":1,"featured_media":0,"parent":0,"menu_order":0,"comment_status":"closed","ping_status":"closed","template":"","meta":{"footnotes":""},"class_list":["post-15","page","type-page","status-publish","hentry"],"_links":{"self":[{"href":"https:\/\/konferenciajasna.sk\/index.php\/wp-json\/wp\/v2\/pages\/15","targetHints":{"allow":["GET"]}}],"collection":[{"href":"https:\/\/konferenciajasna.sk\/index.php\/wp-json\/wp\/v2\/pages"}],"about":[{"href":"https:\/\/konferenciajasna.sk\/index.php\/wp-json\/wp\/v2\/types\/page"}],"author":[{"embeddable":true,"href":"https:\/\/konferenciajasna.sk\/index.php\/wp-json\/wp\/v2\/users\/1"}],"replies":[{"embeddable":true,"href":"https:\/\/konferenciajasna.sk\/index.php\/wp-json\/wp\/v2\/comments?post=15"}],"version-history":[{"count":40,"href":"https:\/\/konferenciajasna.sk\/index.php\/wp-json\/wp\/v2\/pages\/15\/revisions"}],"predecessor-version":[{"id":20139,"href":"https:\/\/konferenciajasna.sk\/index.php\/wp-json\/wp\/v2\/pages\/15\/revisions\/20139"}],"wp:attachment":[{"href":"https:\/\/konferenciajasna.sk\/index.php\/wp-json\/wp\/v2\/media?parent=15"}],"curies":[{"name":"wp","href":"https:\/\/api.w.org\/{rel}","templated":true}]}}