{"id":11,"date":"2019-07-11T14:37:29","date_gmt":"2019-07-11T12:37:29","guid":{"rendered":"http:\/\/158.193.113.185\/jasna\/?page_id=11"},"modified":"2025-10-09T16:14:37","modified_gmt":"2025-10-09T14:14:37","slug":"oznamenia","status":"publish","type":"page","link":"https:\/\/konferenciajasna.sk\/index.php\/oznamenia\/","title":{"rendered":"Ozn\u00e1menie o konferencii"},"content":{"rendered":"\r\n\n<p class=\"has-text-align-left\">V\u00e1\u017een\u00e9 kolegyne, kolegovia!<\/p>\n\n\n\n<p class=\"has-text-align-center\">Srde\u010dne V\u00e1s poz\u00fdvame na<\/p>\n\n\n\n<p class=\"has-text-align-center has-medium-font-size\"><strong>55. KONFERENCIU SLOVENSK\u00ddCH MATEMATIKOV<\/strong><\/p>\n\n\n\n<p>ktor\u00e1 sa uskuto\u010dn\u00ed v<strong> Jasnej pod Chopkom <\/strong>v d\u0148och&nbsp;<strong>20. 11. &#8211; 23. 11. 2025&nbsp;<\/strong>v hoteli&nbsp;<strong>Bj\u00f6rnson <\/strong>(<a href=\"https:\/\/bjornsonka.sk\/\">bjornsonka.sk<\/a>).<\/p>\n\n\n\n<p>Konferenciu tradi\u010dne organizuje pobo\u010dka JSMF v&nbsp;\u017diline a&nbsp;matematici \u017dilinskej univerzity v \u017diline. Program konferencie zabezpe\u010duje v\u00fdbor SMS a&nbsp;bude zameran\u00fd na aktu\u00e1lne probl\u00e9my v\u00fdu\u010dby na Z\u0160, S\u0160,&nbsp;V\u0160 a&nbsp;rozvoj a&nbsp;vyu\u017eitie matematiky v&nbsp;praxi.<\/p>\n\n\n\n<p>Ako hlavn\u00ed predn\u00e1\u0161atelia boli pozvan\u00ed:<\/p>\n\n\n\n<ul class=\"wp-block-list\">\n<li><strong>doc. Mgr. Luk\u00e1\u0161 Laff\u00e9rs, PhD.<\/strong>, UMB v\u00a0Banskej Bystrici<\/li>\n\n\n\n<li><strong>doc. Mgr. Tibor Macko, PhD.<\/strong>, UK v\u00a0Bratislave<\/li>\n\n\n\n<li><strong>doc. RNDr. \u013dubom\u00edr Antoni, PhD.<\/strong>, UPJ\u0160 v Ko\u0161iciach<\/li>\n<\/ul>\n\n\n\n<p>\u010eal\u0161ie inform\u00e1cie budeme postupne uverej\u0148ova\u0165 na str\u00e1nke konferencie: <a href=\"http:\/\/konferenciajasna.sk\/\/\">www.konferenciajasna.sk<\/a><\/p>\n\n\n\n<p>Ak m\u00e1te z\u00e1ujem z\u00fa\u010dastni\u0165 sa 55. konferencie slovensk\u00fdch matematikov, m\u00f4\u017eete sa prihl\u00e1si\u0165 na&nbsp;<a href=\"http:\/\/konferenciajasna.sk\/\/\">www.konferenciajasna.sk<\/a>, pr\u00edpadne kontaktujte:<\/p>\n\n\n\n<p><strong>Mgr. Zuzana Sedlia\u010dkov\u00e1, PhD.<\/strong><br>e-mail:&nbsp;<a href=\"mailto:konferenciajasna@konferenciajasna.sk\" data-type=\"mailto\" data-id=\"mailto:konferenciajasna@konferenciajasna.sk\">konferenciajasna@konferenciajasna.sk<\/a><br>tel.: 041 \/&nbsp;513 4963<\/p>\n\n\n\n<div class=\"wp-block-columns has-2-columns is-layout-flex wp-container-core-columns-is-layout-9d6595d7 wp-block-columns-is-layout-flex\">\n<div class=\"wp-block-column is-layout-flow wp-block-column-is-layout-flow\">\n<p class=\"has-text-align-center\">Za programov\u00fd v\u00fdbor<br>doc. RNDr. Bo\u017eena Dorociakov\u00e1, PhD.<\/p>\n<\/div>\n\n\n\n<div class=\"wp-block-column is-layout-flow wp-block-column-is-layout-flow\">\n<p class=\"has-text-align-center\">Za organiza\u010dn\u00fd v\u00fdbor<br>Mgr. Zuzana Sedlia\u010dkov\u00e1, PhD.<\/p>\n<\/div>\n<\/div>\n","protected":false},"excerpt":{"rendered":"<p>V\u00e1\u017een\u00e9 kolegyne, kolegovia! Srde\u010dne V\u00e1s poz\u00fdvame na 55. KONFERENCIU SLOVENSK\u00ddCH MATEMATIKOV ktor\u00e1 sa uskuto\u010dn\u00ed v Jasnej pod Chopkom v d\u0148och&nbsp;20. 11. &#8211; 23. 11. 2025&nbsp;v hoteli&nbsp;Bj\u00f6rnson (bjornsonka.sk). Konferenciu tradi\u010dne organizuje pobo\u010dka JSMF v&nbsp;\u017diline a&nbsp;matematici \u017dilinskej univerzity v \u017diline. Program konferencie zabezpe\u010duje v\u00fdbor SMS a&nbsp;bude zameran\u00fd na aktu\u00e1lne probl\u00e9my v\u00fdu\u010dby na Z\u0160, S\u0160,&nbsp;V\u0160 a&nbsp;rozvoj a&nbsp;vyu\u017eitie matematiky&#8230;<\/p>\n","protected":false},"author":1,"featured_media":0,"parent":0,"menu_order":0,"comment_status":"closed","ping_status":"closed","template":"","meta":{"footnotes":""},"class_list":["post-11","page","type-page","status-publish","hentry"],"_links":{"self":[{"href":"https:\/\/konferenciajasna.sk\/index.php\/wp-json\/wp\/v2\/pages\/11","targetHints":{"allow":["GET"]}}],"collection":[{"href":"https:\/\/konferenciajasna.sk\/index.php\/wp-json\/wp\/v2\/pages"}],"about":[{"href":"https:\/\/konferenciajasna.sk\/index.php\/wp-json\/wp\/v2\/types\/page"}],"author":[{"embeddable":true,"href":"https:\/\/konferenciajasna.sk\/index.php\/wp-json\/wp\/v2\/users\/1"}],"replies":[{"embeddable":true,"href":"https:\/\/konferenciajasna.sk\/index.php\/wp-json\/wp\/v2\/comments?post=11"}],"version-history":[{"count":46,"href":"https:\/\/konferenciajasna.sk\/index.php\/wp-json\/wp\/v2\/pages\/11\/revisions"}],"predecessor-version":[{"id":20152,"href":"https:\/\/konferenciajasna.sk\/index.php\/wp-json\/wp\/v2\/pages\/11\/revisions\/20152"}],"wp:attachment":[{"href":"https:\/\/konferenciajasna.sk\/index.php\/wp-json\/wp\/v2\/media?parent=11"}],"curies":[{"name":"wp","href":"https:\/\/api.w.org\/{rel}","templated":true}]}}